{"id":826,"date":"2025-11-22T23:41:57","date_gmt":"2025-11-22T20:41:57","guid":{"rendered":"http:\/\/lipkond.skaut.ee\/okaskannel\/meist-2\/"},"modified":"2025-11-23T00:38:40","modified_gmt":"2025-11-22T21:38:40","slug":"meist-2","status":"publish","type":"page","link":"http:\/\/lipkond.skaut.ee\/okaskannel\/meist-2\/","title":{"rendered":"Meist"},"content":{"rendered":"\n<p><strong>Kes on skaudid ja lipkond Okaskannel?<\/strong><br>Skautideks nimetatakse \u00fcldnimetusena k\u00f5iki inimesi, kes on praegusel hetkel v\u00f5i kunagi varem osalenud skautlikus tegevuses. Eestis on skaudid nii poisid kui t\u00fcdrukud. Skautluse juhtm\u00f5te on \u00f5ppimine l\u00e4bi tegevuse, elamuste ja m\u00e4ngu. Sealhulgas pakub skautlus tegevust, mis annab oskusi, et igas olukorras h\u00e4sti hakkama saada. Skautide tegevus on korraldatud vanusegruppide kaupa. Nii on oma eesm\u00e4rkidega programm olemas hundudele, skautidele, vanemskautidele ja r\u00e4nduritele.<\/p>\n\n\n\n<p><br>Lipkond Okaskannel on \u00fcks vanimaid Eestis tegutsevaid skaudi\u00fcksusi.<br><br>Okaskannel on tegev Harku vallas ja lipkonna 14-aastased ja vanemad liikmed saavad kokku kord kuus OK klubis. Seal jagatakse infot ja kogemusi ning tehakse koos midagi l\u00f5busalt motiveerivat.<\/p>\n\n\n\n<figure class=\"wp-block-gallery has-nested-images columns-default is-cropped wp-block-gallery-1 is-layout-flex wp-block-gallery-is-layout-flex\">\n<figure class=\"wp-block-image size-full\"><img fetchpriority=\"high\" decoding=\"async\" width=\"960\" height=\"720\" data-id=\"878\" src=\"http:\/\/lipkond.skaut.ee\/okaskannel\/uploads\/\/2025\/11\/OK-alustamine.jpg\" alt=\"\" class=\"wp-image-878\" srcset=\"http:\/\/lipkond.skaut.ee\/okaskannel\/uploads\/2025\/11\/OK-alustamine.jpg 960w, http:\/\/lipkond.skaut.ee\/okaskannel\/uploads\/2025\/11\/OK-alustamine-300x225.jpg 300w, http:\/\/lipkond.skaut.ee\/okaskannel\/uploads\/2025\/11\/OK-alustamine-768x576.jpg 768w, http:\/\/lipkond.skaut.ee\/okaskannel\/uploads\/2025\/11\/OK-alustamine-600x450.jpg 600w\" sizes=\"(max-width: 960px) 100vw, 960px\" \/><\/figure>\n\n\n\n<figure class=\"wp-block-image size-large\"><img decoding=\"async\" width=\"1024\" height=\"768\" data-id=\"853\" src=\"http:\/\/lipkond.skaut.ee\/okaskannel\/uploads\/\/2025\/11\/OK-lipp-Tagametsas-1024x768.jpg\" alt=\"\" class=\"wp-image-853\" srcset=\"http:\/\/lipkond.skaut.ee\/okaskannel\/uploads\/2025\/11\/OK-lipp-Tagametsas-1024x768.jpg 1024w, http:\/\/lipkond.skaut.ee\/okaskannel\/uploads\/2025\/11\/OK-lipp-Tagametsas-300x225.jpg 300w, http:\/\/lipkond.skaut.ee\/okaskannel\/uploads\/2025\/11\/OK-lipp-Tagametsas-768x576.jpg 768w, http:\/\/lipkond.skaut.ee\/okaskannel\/uploads\/2025\/11\/OK-lipp-Tagametsas-1536x1152.jpg 1536w, http:\/\/lipkond.skaut.ee\/okaskannel\/uploads\/2025\/11\/OK-lipp-Tagametsas-600x450.jpg 600w, http:\/\/lipkond.skaut.ee\/okaskannel\/uploads\/2025\/11\/OK-lipp-Tagametsas.jpg 2000w\" sizes=\"(max-width: 1024px) 100vw, 1024px\" \/><\/figure>\n\n\n\n<figure class=\"wp-block-image size-large\"><img decoding=\"async\" width=\"1024\" height=\"771\" data-id=\"852\" src=\"http:\/\/lipkond.skaut.ee\/okaskannel\/uploads\/\/2025\/11\/OK-koondus-1024x771.jpg\" alt=\"\" class=\"wp-image-852\" srcset=\"http:\/\/lipkond.skaut.ee\/okaskannel\/uploads\/2025\/11\/OK-koondus-1024x771.jpg 1024w, http:\/\/lipkond.skaut.ee\/okaskannel\/uploads\/2025\/11\/OK-koondus-300x226.jpg 300w, http:\/\/lipkond.skaut.ee\/okaskannel\/uploads\/2025\/11\/OK-koondus-768x578.jpg 768w, http:\/\/lipkond.skaut.ee\/okaskannel\/uploads\/2025\/11\/OK-koondus-1536x1157.jpg 1536w, http:\/\/lipkond.skaut.ee\/okaskannel\/uploads\/2025\/11\/OK-koondus-600x452.jpg 600w, http:\/\/lipkond.skaut.ee\/okaskannel\/uploads\/2025\/11\/OK-koondus.jpg 2048w\" sizes=\"(max-width: 1024px) 100vw, 1024px\" \/><\/figure>\n\n\n\n<figure class=\"wp-block-image size-large\"><img loading=\"lazy\" decoding=\"async\" width=\"1024\" height=\"768\" data-id=\"766\" src=\"http:\/\/lipkond.skaut.ee\/okaskannel\/uploads\/\/2023\/09\/OK-1024x768.jpg\" alt=\"\" class=\"wp-image-766\" srcset=\"http:\/\/lipkond.skaut.ee\/okaskannel\/uploads\/2023\/09\/OK-1024x768.jpg 1024w, http:\/\/lipkond.skaut.ee\/okaskannel\/uploads\/2023\/09\/OK-600x450.jpg 600w, http:\/\/lipkond.skaut.ee\/okaskannel\/uploads\/2023\/09\/OK-300x225.jpg 300w, http:\/\/lipkond.skaut.ee\/okaskannel\/uploads\/2023\/09\/OK-768x576.jpg 768w, http:\/\/lipkond.skaut.ee\/okaskannel\/uploads\/2023\/09\/OK-1536x1152.jpg 1536w, http:\/\/lipkond.skaut.ee\/okaskannel\/uploads\/2023\/09\/OK.jpg 2048w\" sizes=\"(max-width: 1024px) 100vw, 1024px\" \/><\/figure>\n<\/figure>\n\n\n\n<p>Skautlik liikumine on vabatahtlik apoliitiline hariduslik noorte liikumine, mis on avatud k\u00f5igile, s\u00f5ltumatarahvusest, rassist, soost ja usust, olles koosk\u00f5las skautluse rajaja poolt loodud sihtide ja eesm\u00e4rkidega.<\/p>\n\n\n\n<p>Vanusegrupid: <br>6-10 a. \u2013 hundud; <br>11-14 a. \u2013 skaudid; <br>15-17 a. \u2013 vanemskaudid; <br>18-26 \u2013r\u00e4ndurid; <br>27+ \u2013 juhid<\/p>\n\n\n\n<p>Skautlikuks \u00f5ppemeetodiks on pidev enesekasvatuse s\u00fcsteem, kus:<\/p>\n\n\n\n<ul class=\"wp-block-list\">\n<li>j\u00e4rgitakse t\u00f5otust ja seadusi;<\/li>\n\n\n\n<li>\u00f5pitakse tegutsedes;<\/li>\n\n\n\n<li>tegutsetakse t\u00e4iskasvanute suunamisel v\u00e4ikestes gruppides, arendatakse kohusetunnet ja\u00f5petatakse skautlikku omavalitsust, mis arendab iseloomu, oskusi, iseseisvust, koost\u00f6\u00f6- ja juhtimisv\u00f5imeid ningkeskkonnas\u00e4\u00e4stlikku m\u00f5tteviisi;<\/li>\n\n\n\n<li>kasutatakse programme, mis on arendavad ja huvipakkuvad, arvestades liikmete huve, kasutadesm\u00e4nguelemente, praktilisi oskusi ja \u00fchiskonna teenimist. <\/li>\n<\/ul>\n\n\n\n<p>Tegevus toimub suuremas osas looduses.<br>Eesti skaudi\u00fcksusi koondab organisatsioon <strong><a href=\"http:\/\/skaut.ee\" data-type=\"link\" data-id=\"skaut.ee\">Eesti Skautide \u00dching<\/a><\/strong>.<\/p>\n","protected":false},"excerpt":{"rendered":"<p>Kes on skaudid ja lipkond Okaskannel?Skautideks nimetatakse \u00fcldnimetusena k\u00f5iki inimesi, kes on praegusel hetkel v\u00f5i kunagi varem osalenud skautlikus tegevuses. [&hellip;]<\/p>\n","protected":false},"author":2,"featured_media":0,"parent":0,"menu_order":0,"comment_status":"closed","ping_status":"closed","template":"","meta":{"footnotes":""},"class_list":["post-826","page","type-page","status-publish","hentry"],"_links":{"self":[{"href":"http:\/\/lipkond.skaut.ee\/okaskannel\/wp-json\/wp\/v2\/pages\/826","targetHints":{"allow":["GET"]}}],"collection":[{"href":"http:\/\/lipkond.skaut.ee\/okaskannel\/wp-json\/wp\/v2\/pages"}],"about":[{"href":"http:\/\/lipkond.skaut.ee\/okaskannel\/wp-json\/wp\/v2\/types\/page"}],"author":[{"embeddable":true,"href":"http:\/\/lipkond.skaut.ee\/okaskannel\/wp-json\/wp\/v2\/users\/2"}],"replies":[{"embeddable":true,"href":"http:\/\/lipkond.skaut.ee\/okaskannel\/wp-json\/wp\/v2\/comments?post=826"}],"version-history":[{"count":4,"href":"http:\/\/lipkond.skaut.ee\/okaskannel\/wp-json\/wp\/v2\/pages\/826\/revisions"}],"predecessor-version":[{"id":879,"href":"http:\/\/lipkond.skaut.ee\/okaskannel\/wp-json\/wp\/v2\/pages\/826\/revisions\/879"}],"wp:attachment":[{"href":"http:\/\/lipkond.skaut.ee\/okaskannel\/wp-json\/wp\/v2\/media?parent=826"}],"curies":[{"name":"wp","href":"https:\/\/api.w.org\/{rel}","templated":true}]}}