{"id":817,"date":"2025-11-22T23:41:56","date_gmt":"2025-11-22T20:41:56","guid":{"rendered":"http:\/\/lipkond.skaut.ee\/okaskannel\/blogi\/"},"modified":"2025-11-23T01:02:17","modified_gmt":"2025-11-22T22:02:17","slug":"blogi","status":"publish","type":"page","link":"http:\/\/lipkond.skaut.ee\/okaskannel\/blogi\/","title":{"rendered":"Blogi"},"content":{"rendered":"\t\t<div data-elementor-type=\"wp-page\" data-elementor-id=\"817\" class=\"elementor elementor-817\">\n\t\t\t\t<div class=\"elementor-element elementor-element-3187a3eb e-flex e-con-boxed e-con e-parent\" data-id=\"3187a3eb\" data-element_type=\"container\" data-settings=\"{&quot;background_background&quot;:&quot;classic&quot;}\">\n\t\t\t\t\t<div class=\"e-con-inner\">\n\t\t<div class=\"elementor-element elementor-element-50dff684 e-con-full e-flex e-con e-child\" data-id=\"50dff684\" data-element_type=\"container\">\n\t\t\t\t<div class=\"elementor-element elementor-element-4fe15ed1 elementor-widget elementor-widget-heading\" data-id=\"4fe15ed1\" data-element_type=\"widget\" data-widget_type=\"heading.default\">\n\t\t\t\t\t<h2 class=\"elementor-heading-title elementor-size-default\">\u00dcrituste ja tegevuste j\u00e4relkaja ehk Blogi<\/h2>\t\t\t\t<\/div>\n\t\t\t\t<\/div>\n\t\t<div class=\"elementor-element elementor-element-5423a1bd e-con-full e-flex e-con e-child\" data-id=\"5423a1bd\" data-element_type=\"container\">\n\t\t\t\t<div class=\"elementor-element elementor-element-76b3a385 elementor-widget elementor-widget-text-editor\" data-id=\"76b3a385\" data-element_type=\"widget\" data-widget_type=\"text-editor.default\">\n\t\t\t\t\t\t\t\t\t<p>Siit leiad luubi all looduse ilu ja meie lipkonna tegemised. Jagame s\u00fcndmuste kajastusi, inspireerivaid lugusid, ja pakkume praktilisi n\u00f5uandeid, kuidas looduses rohkem aega veeta. Ootame sind liituma meie seiklustega ja avastama koos meiega, mida loodus elule juurde annab!<\/p>\t\t\t\t\t\t\t\t<\/div>\n\t\t\t\t<\/div>\n\t\t\t\t\t<\/div>\n\t\t\t\t<\/div>\n\t\t<div class=\"elementor-element elementor-element-595448bf e-flex e-con-boxed e-con e-parent\" data-id=\"595448bf\" data-element_type=\"container\">\n\t\t\t\t\t<div class=\"e-con-inner\">\n\t\t\t\t<div class=\"elementor-element elementor-element-4d68518d elementor-widget elementor-widget-heading\" data-id=\"4d68518d\" data-element_type=\"widget\" data-widget_type=\"heading.default\">\n\t\t\t\t\t<h5 class=\"elementor-heading-title elementor-size-default\">S\u00f5brad ja seiklus - see on skautlus!<\/h5>\t\t\t\t<\/div>\n\t\t\t\t<div class=\"elementor-element elementor-element-945c5f5 elementor-widget elementor-widget-heading\" data-id=\"945c5f5\" data-element_type=\"widget\" data-widget_type=\"heading.default\">\n\t\t\t\t\t<h2 class=\"elementor-heading-title elementor-size-default\">Uudised ja seiklused meie maailmast<\/h2>\t\t\t\t<\/div>\n\t\t\t\t<div class=\"elementor-element elementor-element-7908dc6d elementor-widget elementor-widget-posts\" data-id=\"7908dc6d\" data-element_type=\"widget\" data-widget_type=\"posts.default\">\n\t\t\t\t<div class=\"elementor-widget-container\">\n\t\t\t\t\t \t\t\t\t<\/div>\n\t\t\t\t<\/div>\n\t\t\t\t<div class=\"elementor-element elementor-element-39976adf elementor-widget__width-auto elementor-align-right elementor-widget elementor-widget-button\" data-id=\"39976adf\" data-element_type=\"widget\" data-widget_type=\"button.default\">\n\t\t\t\t\t\t\t\t\t\t<a class=\"elementor-button elementor-button-link elementor-size-sm\" href=\"#\">\n\t\t\t\t\t\t<span class=\"elementor-button-content-wrapper\">\n\t\t\t\t\t\t\t\t\t<span class=\"elementor-button-text\">View all<\/span>\n\t\t\t\t\t<\/span>\n\t\t\t\t\t<\/a>\n\t\t\t\t\t\t\t\t<\/div>\n\t\t\t\t\t<\/div>\n\t\t\t\t<\/div>\n\t\t\t\t<\/div>\n\t\t","protected":false},"excerpt":{"rendered":"<p>\u00dcrituste ja tegevuste j\u00e4relkaja ehk Blogi Siit leiad luubi all looduse ilu ja meie lipkonna tegemised. Jagame s\u00fcndmuste kajastusi, inspireerivaid [&hellip;]<\/p>\n","protected":false},"author":2,"featured_media":0,"parent":0,"menu_order":0,"comment_status":"closed","ping_status":"closed","template":"","meta":{"footnotes":""},"class_list":["post-817","page","type-page","status-publish","hentry"],"_links":{"self":[{"href":"http:\/\/lipkond.skaut.ee\/okaskannel\/wp-json\/wp\/v2\/pages\/817","targetHints":{"allow":["GET"]}}],"collection":[{"href":"http:\/\/lipkond.skaut.ee\/okaskannel\/wp-json\/wp\/v2\/pages"}],"about":[{"href":"http:\/\/lipkond.skaut.ee\/okaskannel\/wp-json\/wp\/v2\/types\/page"}],"author":[{"embeddable":true,"href":"http:\/\/lipkond.skaut.ee\/okaskannel\/wp-json\/wp\/v2\/users\/2"}],"replies":[{"embeddable":true,"href":"http:\/\/lipkond.skaut.ee\/okaskannel\/wp-json\/wp\/v2\/comments?post=817"}],"version-history":[{"count":7,"href":"http:\/\/lipkond.skaut.ee\/okaskannel\/wp-json\/wp\/v2\/pages\/817\/revisions"}],"predecessor-version":[{"id":891,"href":"http:\/\/lipkond.skaut.ee\/okaskannel\/wp-json\/wp\/v2\/pages\/817\/revisions\/891"}],"wp:attachment":[{"href":"http:\/\/lipkond.skaut.ee\/okaskannel\/wp-json\/wp\/v2\/media?parent=817"}],"curies":[{"name":"wp","href":"https:\/\/api.w.org\/{rel}","templated":true}]}}