{"id":814,"date":"2025-11-22T23:41:55","date_gmt":"2025-11-22T20:41:55","guid":{"rendered":"http:\/\/lipkond.skaut.ee\/okaskannel\/ajaviiteks-ja-kasulikku\/"},"modified":"2025-11-23T00:52:08","modified_gmt":"2025-11-22T21:52:08","slug":"ajaviiteks-ja-kasulikku","status":"publish","type":"page","link":"http:\/\/lipkond.skaut.ee\/okaskannel\/ajaviiteks-ja-kasulikku\/","title":{"rendered":"Ajaviiteks ja Kasulikku"},"content":{"rendered":"\n<h2 class=\"wp-block-heading\">Ajaviiteks ja Kasulikku<\/h2>\n\n\n\n<p>Siia oleme kogunud kokku kasuliku info \u00f5petlikud, vahvad tegevused millega on hea oma vaba aega p\u00f5nevalt sisustada.<a href=\"#\">\t\t\t\t<\/a><\/p>\n\n\n\n<h2 class=\"wp-block-heading\">Kasulik info<\/h2>\n\n\n\n<div class=\"wp-block-media-text is-stacked-on-mobile\" style=\"grid-template-columns:24% auto\"><figure class=\"wp-block-media-text__media\"><img fetchpriority=\"high\" decoding=\"async\" width=\"183\" height=\"275\" src=\"http:\/\/lipkond.skaut.ee\/okaskannel\/uploads\/\/2025\/11\/Tokisai.jpg\" alt=\"\" class=\"wp-image-883 size-full\"\/><\/figure><div class=\"wp-block-media-text__content\">\n<p><strong>Kuidas teha tokisaiu?<\/strong><\/p>\n\n\n\n<div class=\"wp-block-columns is-layout-flex wp-container-core-columns-is-layout-28f84493 wp-block-columns-is-layout-flex\">\n<div class=\"wp-block-column is-layout-flow wp-block-column-is-layout-flow\" style=\"flex-basis:50%\">\n<p>Retsept:<br>Piima 250ml<br>Muna 1<br>Sool 1 tl<br>Selle retseptiga saad teha umbes 30 saia.<\/p>\n<\/div>\n\n\n\n<div class=\"wp-block-column is-layout-flow wp-block-column-is-layout-flow\" style=\"flex-basis:50%\">\n<p>Suhkur 50g<br>\u00d5li 50-100ml<br>P\u00e4rm 40g<br>Nisujahu 600g v\u00f5i veidi peale<\/p>\n<\/div>\n<\/div>\n\n\n\n<p>Taigna valmistamine:<br>S\u00f5elu jahu eraldi valmis (suuremasse kaussi), hiljem lisa \u00fclej\u00e4\u00e4nud ainete segu ja segaomavahel. Sega esmalt kuivained omavahel ja vedelained omavahel (n\u00e4it. toores p\u00e4rm suhkru ja vedelmassiga,kuivp\u00e4rm aga jahuga). Tainas tuleb h\u00e4sti l\u00e4bi s\u00f5tkuda. Mida kauem s\u00f5tkud, seda parem tainas!<\/p>\n\n\n\n<p>K\u00fcpsetamine:<br>K\u00fcpseta s\u00fcte kohal, tokki j\u00e4tkuvalt ja \u00fchtlaselt p\u00f6\u00f6ritades kuni saiake on muutunud kuldpruuniks.<br>Saiakese \u00f5\u00f5nsuse v\u00f5id t\u00e4ita moosi, kohupiima, vahukoore v\u00f5i viineriga.<\/p>\n<\/div><\/div>\n\n\n\n<div class=\"wp-block-media-text has-media-on-the-right is-stacked-on-mobile\"><div class=\"wp-block-media-text__content\">\n<p><strong><span style=\"text-decoration: underline;\">Morse kood<\/span><\/strong><\/p>\n\n\n\n<p>Morse ehk morsekood on s\u00fcsteem, mille abil esitatakse t\u00e4hti, numbreid ja kirjavahem\u00e4rke punktide, kriipsude ja t\u00fchikute abil. Morsekoodi saab edastada n\u00e4iteks helisignaalidega, elektriimpulssidega v\u00f5i visuaalsete signaalidega, n\u00e4iteks valguse abil.<\/p>\n\n\n\n<p>Rohkem infot morse kohta leiad Eesti Skautide \u00dchingu <a href=\"https:\/\/skaut.ee\/ideed\/morse\/\" target=\"_blank\" rel=\"noreferrer noopener\">kodulehelt<\/a>.<\/p>\n<\/div><figure class=\"wp-block-media-text__media\"><img decoding=\"async\" width=\"546\" height=\"313\" src=\"http:\/\/lipkond.skaut.ee\/okaskannel\/uploads\/\/2025\/11\/Morse-koodi-tabel.png\" alt=\"\" class=\"wp-image-884 size-full\" srcset=\"http:\/\/lipkond.skaut.ee\/okaskannel\/uploads\/2025\/11\/Morse-koodi-tabel.png 546w, http:\/\/lipkond.skaut.ee\/okaskannel\/uploads\/2025\/11\/Morse-koodi-tabel-300x172.png 300w\" sizes=\"(max-width: 546px) 100vw, 546px\" \/><\/figure><\/div>\n\n\n\n<h2 class=\"wp-block-heading\">Ajaviiteks<\/h2>\n\n\n\n<p><a href=\"https:\/\/www.purposegames.com\/game\/fcb87c4ed8\" target=\"_blank\" rel=\"noreferrer noopener\"><strong>Metsatarkuste K\u00fcsimustem\u00e4ng (kerge)<\/strong><\/a><\/p>\n\n\n\n<p><\/p>\n","protected":false},"excerpt":{"rendered":"<p>Ajaviiteks ja Kasulikku Siia oleme kogunud kokku kasuliku info \u00f5petlikud, vahvad tegevused millega on hea oma vaba aega p\u00f5nevalt sisustada. [&hellip;]<\/p>\n","protected":false},"author":2,"featured_media":0,"parent":0,"menu_order":0,"comment_status":"closed","ping_status":"closed","template":"","meta":{"footnotes":""},"class_list":["post-814","page","type-page","status-publish","hentry"],"_links":{"self":[{"href":"http:\/\/lipkond.skaut.ee\/okaskannel\/wp-json\/wp\/v2\/pages\/814","targetHints":{"allow":["GET"]}}],"collection":[{"href":"http:\/\/lipkond.skaut.ee\/okaskannel\/wp-json\/wp\/v2\/pages"}],"about":[{"href":"http:\/\/lipkond.skaut.ee\/okaskannel\/wp-json\/wp\/v2\/types\/page"}],"author":[{"embeddable":true,"href":"http:\/\/lipkond.skaut.ee\/okaskannel\/wp-json\/wp\/v2\/users\/2"}],"replies":[{"embeddable":true,"href":"http:\/\/lipkond.skaut.ee\/okaskannel\/wp-json\/wp\/v2\/comments?post=814"}],"version-history":[{"count":6,"href":"http:\/\/lipkond.skaut.ee\/okaskannel\/wp-json\/wp\/v2\/pages\/814\/revisions"}],"predecessor-version":[{"id":885,"href":"http:\/\/lipkond.skaut.ee\/okaskannel\/wp-json\/wp\/v2\/pages\/814\/revisions\/885"}],"wp:attachment":[{"href":"http:\/\/lipkond.skaut.ee\/okaskannel\/wp-json\/wp\/v2\/media?parent=814"}],"curies":[{"name":"wp","href":"https:\/\/api.w.org\/{rel}","templated":true}]}}