{"id":35,"date":"2014-07-08T08:57:32","date_gmt":"2014-07-08T05:57:32","guid":{"rendered":"http:\/\/lipkond.skaut.ee\/okaskannel\/?page_id=35"},"modified":"2023-09-16T23:24:51","modified_gmt":"2023-09-16T20:24:51","slug":"liikmed","status":"publish","type":"page","link":"http:\/\/lipkond.skaut.ee\/okaskannel\/liikmed\/","title":{"rendered":"Liikmed"},"content":{"rendered":"\n<p>Lipkonda Okaskannel kuuluvad hundud, skaudid, vanemskaudid ja t\u00e4iskasvanud Harku vallast ja Tallinnast. <\/p>\n\n\n\n<p>Lipkonna juhatus<\/p>\n\n\n\n<table id=\"tablepress-1\" class=\"tablepress tablepress-id-1\">\n<tbody>\n<tr class=\"row-1 odd\">\n\t<td colspan=\"3\" class=\"column-1\"><center>LIPKONNA JUHATUS<\/td>\n<\/tr>\n<tr class=\"row-2 even\">\n\t<td class=\"column-1\"><center><img decoding=\"async\" src=\"http:\/\/lipkond.skaut.ee\/okaskannel\/uploads\/\/2015\/10\/Monza1.png\" alt=\"Monika\" width=\"200\" height=\"220\" class=\"aligncenter size-full wp-image-116\" \/><\/td><td class=\"column-2\"><a href=\"http:\/\/lipkond.skaut.ee\/okaskannel\/anita-koreas\/\" rel=\"attachment wp-att-779\"><img decoding=\"async\" src=\"http:\/\/lipkond.skaut.ee\/okaskannel\/uploads\/\/2023\/09\/anita-koreas.jpg\" alt=\"\" width=\"190\" height=\"220\" class=\"alignright size-thumbnail wp-image-779\" \/><\/a><\/td><td class=\"column-3\"><a href=\"http:\/\/lipkond.skaut.ee\/okaskannel\/margus\/\" rel=\"attachment wp-att-720\"><img decoding=\"async\" src=\"http:\/\/lipkond.skaut.ee\/okaskannel\/uploads\/\/2016\/11\/Margus.jpg\" alt=\"Margus\" width=\"210\" height=\"220\" class=\"aligncenter size-thumbnail wp-image-690\" \/><\/a><\/td>\n<\/tr>\n<tr class=\"row-3 odd\">\n\t<td class=\"column-1\"><b><center>Lipkonna vanem\/ juht<\/td><td class=\"column-2\"><center><b>Lipkonna infojuht<\/td><td class=\"column-3\"><center><b>Lipkonna varahoidja<\/td>\n<\/tr>\n<tr class=\"row-4 even\">\n\t<td class=\"column-1\"><center>Monika<br \/>\nS\u00fcnnip\u00e4ev: 27. aprill<\/td><td class=\"column-2\"><center>Anita Laura<br \/>\nS\u00fcnnip\u00e4ev: 27. september<\/td><td class=\"column-3\"><center>Margus<br \/>\nS\u00fcnnip\u00e4ev: 2. juuli<\/td>\n<\/tr>\n<tr class=\"row-5 odd\">\n\t<td class=\"column-1\"><\/td><td class=\"column-2\"><\/td><td class=\"column-3\"><\/td>\n<\/tr>\n<tr class=\"row-6 even\">\n\t<td class=\"column-1\"><\/td><td class=\"column-2\"><\/td><td class=\"column-3\"><\/td>\n<\/tr>\n<tr class=\"row-7 odd\">\n\t<td class=\"column-1\"><\/td><td class=\"column-2\"><\/td><td class=\"column-3\"><\/td>\n<\/tr>\n<\/tbody>\n<\/table>\n<!-- #tablepress-1 from cache -->\n\n\n\n<p>T\u00e4iskasvanud liikmed<\/p>\n\n\n<div class=\"tmm  tmm_taiskasvanud\"><div class=\"tmm_3_columns tmm_wrap \"><span class=\"tmm_two_containers_tablet\"><\/span><div class=\"tmm_container\"><div class=\"tmm_member\" style=\"border-top:#dd8604 solid 5px;\"><div class=\"tmm_photo tmm_phover_taiskasvanud_0\" style=\"background: url(http:\/\/lipkond.skaut.ee\/okaskannel\/uploads\/\/2016\/11\/Valdik-ja-Birgit-2015-1-e1479916884297.jpg); margin-left:auto; margin-right:auto; background-size:cover !important;\"><\/div><div class=\"tmm_textblock\"><div class=\"tmm_names\"><span class=\"tmm_fname\">Birgit<\/span> <\/div><div class=\"tmm_job\">Skaudijuht<\/div><div class=\"tmm_desc\" style=\"text-align:center\">S\u00fcnnip\u00e4ev: 1. november<\/div><div class=\"tmm_scblock\"><\/div><\/div><\/div><div class=\"tmm_member\" style=\"border-top:#dd8604 solid 5px;\"><div class=\"tmm_photo tmm_phover_taiskasvanud_1\" style=\"background: url(http:\/\/lipkond.skaut.ee\/okaskannel\/uploads\/\/2015\/10\/Marek.png); margin-left:auto; margin-right:auto; background-size:cover !important;\"><\/div><div class=\"tmm_textblock\"><div class=\"tmm_names\"><span class=\"tmm_fname\">Marek<\/span> <\/div><div class=\"tmm_job\">Skaudijuht<\/div><div class=\"tmm_desc\" style=\"text-align:center\">S\u00fcnnip\u00e4ev: 21. m\u00e4rts<\/div><div class=\"tmm_scblock\"><\/div><\/div><\/div><span class=\"tmm_two_containers_tablet\"><\/span><div class=\"tmm_member\" style=\"border-top:#dd8604 solid 5px;\"><div class=\"tmm_photo tmm_phover_taiskasvanud_2\" style=\"background: url(http:\/\/lipkond.skaut.ee\/okaskannel\/uploads\/\/2016\/11\/Eerik.jpg); margin-left:auto; margin-right:auto; background-size:cover !important;\"><\/div><div class=\"tmm_textblock\"><div class=\"tmm_names\"><span class=\"tmm_fname\">Eerik<\/span> <\/div><div class=\"tmm_job\">T\u00e4iskasvanud liige<\/div><div class=\"tmm_desc\" style=\"text-align:center\">S\u00fcnnip\u00e4ev: 14. juuli<\/div><div class=\"tmm_scblock\"><\/div><\/div><\/div><\/div><span class=\"tmm_columns_containers_desktop\"><\/span><div class=\"tmm_container\"><div class=\"tmm_member\" style=\"border-top:#dd8604 solid 5px;\"><div class=\"tmm_photo tmm_phover_taiskasvanud_3\" style=\"background: url(http:\/\/lipkond.skaut.ee\/okaskannel\/uploads\/\/2015\/10\/tAAVI-200X200.png); margin-left:auto; margin-right:auto; background-size:cover !important;\"><\/div><div class=\"tmm_textblock\"><div class=\"tmm_names\"><span class=\"tmm_fname\">Taavi<\/span> <\/div><div class=\"tmm_job\">T\u00e4iskasvanud liige<\/div><div class=\"tmm_desc\" style=\"text-align:center\">S\u00fcnnip\u00e4ev: 27. m\u00e4rts<\/div><div class=\"tmm_scblock\"><\/div><\/div><\/div><span class=\"tmm_two_containers_tablet\"><\/span><div class=\"tmm_member\" style=\"border-top:#dd8604 solid 5px;\"><div class=\"tmm_textblock\"><div class=\"tmm_names\"><span class=\"tmm_fname\">Joonas<\/span> <\/div><div class=\"tmm_job\">T\u00e4iskasvanud liige<\/div><div class=\"tmm_desc\" style=\"text-align:center\">S\u00fcnnip\u00e4ev: 5. jaanuar<\/div><div class=\"tmm_scblock\"><\/div><\/div><\/div><div style=\"clear:both;\"><\/div><\/div><\/div><\/div>\n\n\n\n<p>Vanemskaudid, skaudid, hundud<\/p>\n\n\n<div class=\"tmm  tmm_noored\"><div class=\"tmm_3_columns tmm_wrap \"><span class=\"tmm_two_containers_tablet\"><\/span><div class=\"tmm_container\"><div class=\"tmm_member\" style=\"border-top:#41b237 solid 5px;\"><div class=\"tmm_photo tmm_phover_noored_0\" style=\"background: url(http:\/\/lipkond.skaut.ee\/okaskannel\/uploads\/\/2016\/11\/Ann.jpg); margin-left:auto; margin-right:auto; background-size:cover !important;\"><\/div><div class=\"tmm_textblock\"><div class=\"tmm_names\"><span class=\"tmm_fname\">Ann<\/span> <\/div><div class=\"tmm_job\">R\u00e4ndur<\/div><div class=\"tmm_desc\" style=\"text-align:center\">S\u00fcnnip\u00e4ev: 19. aprill<\/div><div class=\"tmm_scblock\"><\/div><\/div><\/div><div class=\"tmm_member\" style=\"border-top:#41b237 solid 5px;\"><div class=\"tmm_photo tmm_phover_noored_1\" style=\"background: url(http:\/\/lipkond.skaut.ee\/okaskannel\/uploads\/\/2016\/11\/Jane-ly.jpg); margin-left:auto; margin-right:auto; background-size:cover !important;\"><\/div><div class=\"tmm_textblock\"><div class=\"tmm_names\"><span class=\"tmm_fname\">Jane-Ly<\/span> <\/div><div class=\"tmm_job\">R\u00e4ndur<\/div><div class=\"tmm_desc\" style=\"text-align:center\">S\u00fcnnip\u00e4ev: 16. september<\/div><div class=\"tmm_scblock\"><\/div><\/div><\/div><span class=\"tmm_two_containers_tablet\"><\/span><div class=\"tmm_member\" style=\"border-top:#41b237 solid 5px;\"><div class=\"tmm_photo tmm_phover_noored_2\" style=\"background: url(http:\/\/lipkond.skaut.ee\/okaskannel\/uploads\/\/2016\/11\/Maria-2015.jpg); margin-left:auto; margin-right:auto; background-size:cover !important;\"><\/div><div class=\"tmm_textblock\"><div class=\"tmm_names\"><span class=\"tmm_fname\">Maria<\/span> <\/div><div class=\"tmm_job\">R\u00e4ndur<\/div><div class=\"tmm_desc\" style=\"text-align:center\">S\u00fcnnip\u00e4ev: 4. september<\/div><div class=\"tmm_scblock\"><\/div><\/div><\/div><\/div><span class=\"tmm_columns_containers_desktop\"><\/span><div class=\"tmm_container\"><div class=\"tmm_member\" style=\"border-top:#41b237 solid 5px;\"><div class=\"tmm_photo tmm_phover_noored_3\" style=\"background: url(http:\/\/lipkond.skaut.ee\/okaskannel\/uploads\/\/2015\/10\/Joonas-200x200.png); margin-left:auto; margin-right:auto; background-size:cover !important;\"><\/div><div class=\"tmm_textblock\"><div class=\"tmm_names\"><span class=\"tmm_fname\">Joonas<\/span> <\/div><div class=\"tmm_job\">R\u00e4ndur<\/div><div class=\"tmm_desc\" style=\"text-align:center\">S\u00fcnnip\u00e4ev: 5. jaanuar<\/div><div class=\"tmm_scblock\"><\/div><\/div><\/div><span class=\"tmm_two_containers_tablet\"><\/span><div class=\"tmm_member\" style=\"border-top:#41b237 solid 5px;\"><div class=\"tmm_textblock\"><div class=\"tmm_names\"><\/div><div class=\"tmm_scblock\"><\/div><\/div><\/div><div style=\"clear:both;\"><\/div><\/div><\/div><\/div>\n\n\n<div class=\"tmm  tmm_skaudid\"><div class=\"tmm_3_columns tmm_wrap \"><span class=\"tmm_two_containers_tablet\"><\/span><div class=\"tmm_container\"><div class=\"tmm_member\" style=\"border-top:#ea6c35 solid 5px;\"><div class=\"tmm_photo tmm_phover_skaudid_0\" style=\"background: url(http:\/\/lipkond.skaut.ee\/okaskannel\/uploads\/\/2016\/11\/Margus.jpg); margin-left:auto; margin-right:auto; background-size:cover !important;\"><\/div><div class=\"tmm_textblock\"><div class=\"tmm_names\"><span class=\"tmm_fname\">Margus<\/span> <\/div><div class=\"tmm_job\">V\u00e4\u00e4na salga skaut<\/div><div class=\"tmm_desc\" style=\"text-align:center\">S\u00fcnnip\u00e4ev: 2. juuli<\/div><div class=\"tmm_scblock\"><\/div><\/div><\/div><div class=\"tmm_member\" style=\"border-top:#ea6c35 solid 5px;\"><div class=\"tmm_photo tmm_phover_skaudid_1\" style=\"background: url(http:\/\/lipkond.skaut.ee\/okaskannel\/uploads\/\/2016\/11\/\u00d5KV-2015.jpg); margin-left:auto; margin-right:auto; background-size:cover !important;\"><\/div><div class=\"tmm_textblock\"><div class=\"tmm_names\"><span class=\"tmm_fname\">Reino<\/span> <\/div><div class=\"tmm_job\">V\u00e4\u00e4na salga skaut<\/div><div class=\"tmm_desc\" style=\"text-align:center\">S\u00fcnnip\u00e4ev: 2. juuli<\/div><div class=\"tmm_scblock\"><\/div><\/div><\/div><span class=\"tmm_two_containers_tablet\"><\/span><div class=\"tmm_member\" style=\"border-top:#ea6c35 solid 5px;\"><div class=\"tmm_photo tmm_phover_skaudid_2\" style=\"background: url(http:\/\/lipkond.skaut.ee\/okaskannel\/uploads\/\/2016\/11\/Aet.jpg); margin-left:auto; margin-right:auto; background-size:cover !important;\"><\/div><div class=\"tmm_textblock\"><div class=\"tmm_names\"><span class=\"tmm_fname\">Aet<\/span> <\/div><div class=\"tmm_job\">V\u00e4\u00e4na salga skaut<\/div><div class=\"tmm_desc\" style=\"text-align:center\">S\u00fcnnip\u00e4ev: 10. august<\/div><div class=\"tmm_scblock\"><\/div><\/div><\/div><\/div><span class=\"tmm_columns_containers_desktop\"><\/span><div class=\"tmm_container\"><div class=\"tmm_member\" style=\"border-top:#ea6c35 solid 5px;\"><div class=\"tmm_photo tmm_phover_skaudid_3\" style=\"background: url(http:\/\/lipkond.skaut.ee\/okaskannel\/uploads\/\/2016\/11\/Cris.jpg); margin-left:auto; margin-right:auto; background-size:cover !important;\"><\/div><div class=\"tmm_textblock\"><div class=\"tmm_names\"><span class=\"tmm_fname\">Cris-Robert<\/span> <\/div><div class=\"tmm_job\">V\u00e4\u00e4na salga skaut<\/div><div class=\"tmm_desc\" style=\"text-align:center\">S\u00fcnnip\u00e4ev: 2. m\u00e4rts<\/div><div class=\"tmm_scblock\"><\/div><\/div><\/div><span class=\"tmm_two_containers_tablet\"><\/span><div class=\"tmm_member\" style=\"border-top:#ea6c35 solid 5px;\"><div class=\"tmm_photo tmm_phover_skaudid_4\" style=\"background: url(http:\/\/lipkond.skaut.ee\/okaskannel\/uploads\/\/2015\/10\/Luisa-200x200.png); margin-left:auto; margin-right:auto; background-size:cover !important;\"><\/div><div class=\"tmm_textblock\"><div class=\"tmm_names\"><span class=\"tmm_fname\">Luisa<\/span> <\/div><div class=\"tmm_job\">V\u00e4\u00e4na salga skaut<\/div><div class=\"tmm_desc\" style=\"text-align:center\">S\u00fcnnip\u00e4ev: 8. m\u00e4rts<\/div><div class=\"tmm_scblock\"><\/div><\/div><\/div><div class=\"tmm_member\" style=\"border-top:#ea6c35 solid 5px;\"><div class=\"tmm_photo tmm_phover_skaudid_5\" style=\"background: url(http:\/\/lipkond.skaut.ee\/okaskannel\/uploads\/\/2015\/10\/Katriin-200x220.png); margin-left:auto; margin-right:auto; background-size:cover !important;\"><\/div><div class=\"tmm_textblock\"><div class=\"tmm_names\"><span class=\"tmm_fname\">Katriin<\/span> <\/div><div class=\"tmm_job\">V\u00e4\u00e4na salga skaut<\/div><div class=\"tmm_desc\" style=\"text-align:center\">S\u00fcnnip\u00e4ev: 10. m\u00e4rts<\/div><div class=\"tmm_scblock\"><\/div><\/div><\/div><div style=\"clear:both;\"><\/div><\/div><\/div><\/div>\n\n\n<div class=\"tmm  tmm_kotkad\"><div class=\"tmm_3_columns tmm_wrap \"><span class=\"tmm_two_containers_tablet\"><\/span><div class=\"tmm_container\"><div class=\"tmm_member\" style=\"border-top:#22a8d8 solid 5px;\"><div class=\"tmm_photo tmm_phover_kotkad_0\" style=\"background: url(http:\/\/lipkond.skaut.ee\/okaskannel\/uploads\/\/2015\/10\/Toomas.png); margin-left:auto; margin-right:auto; background-size:cover !important;\"><\/div><div class=\"tmm_textblock\"><div class=\"tmm_names\"><span class=\"tmm_fname\">Toomas<\/span> <\/div><div class=\"tmm_job\">Kuldsed Kotkad salga skaut<\/div><div class=\"tmm_desc\" style=\"text-align:center\">S\u00fcnnip\u00e4ev: 17. juuni<\/div><div class=\"tmm_scblock\"><\/div><\/div><\/div><div class=\"tmm_member\" style=\"border-top:#22a8d8 solid 5px;\"><div class=\"tmm_photo tmm_phover_kotkad_1\" style=\"background: url(http:\/\/lipkond.skaut.ee\/okaskannel\/uploads\/\/2016\/11\/Meriliis-2016.jpg); margin-left:auto; margin-right:auto; background-size:cover !important;\"><\/div><div class=\"tmm_textblock\"><div class=\"tmm_names\"><span class=\"tmm_fname\">Meriliis<\/span> <\/div><div class=\"tmm_job\">Kuldsed Kotkad salga skaut<\/div><div class=\"tmm_desc\" style=\"text-align:center\">S\u00fcnnip\u00e4ev: 11. november<\/div><div class=\"tmm_scblock\"><\/div><\/div><\/div><span class=\"tmm_two_containers_tablet\"><\/span><div class=\"tmm_member\" style=\"border-top:#22a8d8 solid 5px;\"><div class=\"tmm_photo tmm_phover_kotkad_2\" style=\"background: url(http:\/\/lipkond.skaut.ee\/okaskannel\/uploads\/\/2016\/11\/Elisabeth.jpg); margin-left:auto; margin-right:auto; background-size:cover !important;\"><\/div><div class=\"tmm_textblock\"><div class=\"tmm_names\"><span class=\"tmm_fname\">Elisabeth<\/span> <\/div><div class=\"tmm_job\">Kuldsed Kotkad salga skaut<\/div><div class=\"tmm_desc\" style=\"text-align:center\">S\u00fcnnip\u00e4ev: 2. aprill<\/div><div class=\"tmm_scblock\"><\/div><\/div><\/div><\/div><span class=\"tmm_columns_containers_desktop\"><\/span><div class=\"tmm_container\"><div class=\"tmm_member\" style=\"border-top:#22a8d8 solid 5px;\"><div class=\"tmm_photo tmm_phover_kotkad_3\" style=\"background: url(http:\/\/lipkond.skaut.ee\/okaskannel\/uploads\/\/2016\/11\/Anita-1.jpg); margin-left:auto; margin-right:auto; background-size:cover !important;\"><\/div><div class=\"tmm_textblock\"><div class=\"tmm_names\"><span class=\"tmm_fname\">Anita Laura<\/span> <\/div><div class=\"tmm_job\">Kuldsed Kotkad salga skaut<\/div><div class=\"tmm_desc\" style=\"text-align:center\">S\u00fcnnip\u00e4ev: 27. september<\/div><div class=\"tmm_scblock\"><\/div><\/div><\/div><span class=\"tmm_two_containers_tablet\"><\/span><div class=\"tmm_member\" style=\"border-top:#22a8d8 solid 5px;\"><div class=\"tmm_photo tmm_phover_kotkad_4\" style=\"background: url(http:\/\/lipkond.skaut.ee\/okaskannel\/uploads\/\/2015\/10\/Seleena.png); margin-left:auto; margin-right:auto; background-size:cover !important;\"><\/div><div class=\"tmm_textblock\"><div class=\"tmm_names\"><span class=\"tmm_fname\">Seleena<\/span> <\/div><div class=\"tmm_job\">Kuldsed Kotkad salga skaut<\/div><div class=\"tmm_desc\" style=\"text-align:center\">S\u00fcnnip\u00e4ev: 19. oktoober<\/div><div class=\"tmm_scblock\"><\/div><\/div><\/div><div class=\"tmm_member\" style=\"border-top:#22a8d8 solid 5px;\"><div class=\"tmm_textblock\"><div class=\"tmm_names\"><span class=\"tmm_fname\">Joosep<\/span> <\/div><div class=\"tmm_job\">Kuldsed Kotkad salga skaut<\/div><div class=\"tmm_desc\" style=\"text-align:center\">S\u00fcnnip\u00e4ev: 25. aprill<\/div><div class=\"tmm_scblock\"><\/div><\/div><\/div><span class=\"tmm_two_containers_tablet\"><\/span><\/div><span class=\"tmm_columns_containers_desktop\"><\/span><div class=\"tmm_container\"><div class=\"tmm_member\" style=\"border-top:#22a8d8 solid 5px;\"><div class=\"tmm_photo tmm_phover_kotkad_6\" style=\"background: url(http:\/\/lipkond.skaut.ee\/okaskannel\/uploads\/\/2016\/11\/Raian-1.jpg); margin-left:auto; margin-right:auto; background-size:cover !important;\"><\/div><div class=\"tmm_textblock\"><div class=\"tmm_names\"><span class=\"tmm_fname\">Raian<\/span> <\/div><div class=\"tmm_job\">Kuldsed Kotkad salga skaut<\/div><div class=\"tmm_desc\" style=\"text-align:center\">S\u00fcnnip\u00e4ev: 30. m\u00e4rts<\/div><div class=\"tmm_scblock\"><\/div><\/div><\/div><div class=\"tmm_member\" style=\"border-top:#22a8d8 solid 5px;\"><div class=\"tmm_photo tmm_phover_kotkad_7\" style=\"background: url(http:\/\/lipkond.skaut.ee\/okaskannel\/uploads\/\/2016\/11\/Anett.jpg); margin-left:auto; margin-right:auto; background-size:cover !important;\"><\/div><div class=\"tmm_textblock\"><div class=\"tmm_names\"><span class=\"tmm_fname\">Anett<\/span> <\/div><div class=\"tmm_job\">Kuldsed Kotkad salga skaut<\/div><div class=\"tmm_desc\" style=\"text-align:center\">S\u00fcnnip\u00e4ev: 20. aprill<\/div><div class=\"tmm_scblock\"><\/div><\/div><\/div><span class=\"tmm_two_containers_tablet\"><\/span><div class=\"tmm_member\" style=\"border-top:#22a8d8 solid 5px;\"><div class=\"tmm_photo tmm_phover_kotkad_8\" style=\"background: url(http:\/\/lipkond.skaut.ee\/okaskannel\/uploads\/\/2015\/10\/Ingmar.png); margin-left:auto; margin-right:auto; background-size:cover !important;\"><\/div><div class=\"tmm_textblock\"><div class=\"tmm_names\"><span class=\"tmm_fname\">Ingmar<\/span> <\/div><div class=\"tmm_job\">Kuldsed Kotkad salga skaut<\/div><div class=\"tmm_desc\" style=\"text-align:center\">S\u00fcnnip\u00e4ev: 11. september<\/div><div class=\"tmm_scblock\"><\/div><\/div><\/div><div style=\"clear:both;\"><\/div><\/div><\/div><\/div>\n","protected":false},"excerpt":{"rendered":"<p>Lipkonda Okaskannel kuuluvad hundud, skaudid, vanemskaudid ja t\u00e4iskasvanud Harku vallast ja Tallinnast. Lipkonna juhatus T\u00e4iskasvanud liikmed Vanemskaudid, skaudid, hundud<\/p>\n","protected":false},"author":2,"featured_media":0,"parent":0,"menu_order":4,"comment_status":"closed","ping_status":"open","template":"","meta":{"footnotes":""},"class_list":["post-35","page","type-page","status-publish","hentry"],"_links":{"self":[{"href":"http:\/\/lipkond.skaut.ee\/okaskannel\/wp-json\/wp\/v2\/pages\/35","targetHints":{"allow":["GET"]}}],"collection":[{"href":"http:\/\/lipkond.skaut.ee\/okaskannel\/wp-json\/wp\/v2\/pages"}],"about":[{"href":"http:\/\/lipkond.skaut.ee\/okaskannel\/wp-json\/wp\/v2\/types\/page"}],"author":[{"embeddable":true,"href":"http:\/\/lipkond.skaut.ee\/okaskannel\/wp-json\/wp\/v2\/users\/2"}],"replies":[{"embeddable":true,"href":"http:\/\/lipkond.skaut.ee\/okaskannel\/wp-json\/wp\/v2\/comments?post=35"}],"version-history":[{"count":173,"href":"http:\/\/lipkond.skaut.ee\/okaskannel\/wp-json\/wp\/v2\/pages\/35\/revisions"}],"predecessor-version":[{"id":787,"href":"http:\/\/lipkond.skaut.ee\/okaskannel\/wp-json\/wp\/v2\/pages\/35\/revisions\/787"}],"wp:attachment":[{"href":"http:\/\/lipkond.skaut.ee\/okaskannel\/wp-json\/wp\/v2\/media?parent=35"}],"curies":[{"name":"wp","href":"https:\/\/api.w.org\/{rel}","templated":true}]}}