{"id":199,"date":"2011-09-28T20:05:12","date_gmt":"2011-09-28T17:05:12","guid":{"rendered":"http:\/\/lipkond.skaut.ee\/okaskannel\/?page_id=199"},"modified":"2017-08-24T19:26:51","modified_gmt":"2017-08-24T16:26:51","slug":"tegevus","status":"publish","type":"page","link":"http:\/\/lipkond.skaut.ee\/okaskannel\/tegevus\/","title":{"rendered":"Tegevus"},"content":{"rendered":"<p>Tule \u00f5peta meie noortele midagi p\u00f5nevat! Oskad h\u00e4sti orienteeruda, s\u00f5lmi teha, tead palju taimedest, matkamisest v\u00f5i hoopis kosmosest? Tule r\u00e4\u00e4gi meilegi! Ootame hea meelega k\u00fclalislektoreid skaudiringidesse!<br \/>\nKirjuta v\u00f5i helista Monikale &#8211; 55593155, monika[at]skaut.ee<\/p>\n<p>V\u00c4\u00c4NA skaudiring (alates septembrist)<\/p>\n<p>Tabasalu KULDSED KOTKAD skaudiring (alates septembrist)<\/p>\n<p>Lipkonna vanemskautide ja t\u00e4iskasvanud liikmete OK KLUBI (kord kuus)<\/p>\n","protected":false},"excerpt":{"rendered":"<p>Tule \u00f5peta meie noortele midagi p\u00f5nevat! Oskad h\u00e4sti orienteeruda, s\u00f5lmi teha, tead palju taimedest, matkamisest v\u00f5i hoopis kosmosest? Tule r\u00e4\u00e4gi [&hellip;]<\/p>\n","protected":false},"author":2,"featured_media":0,"parent":0,"menu_order":3,"comment_status":"closed","ping_status":"open","template":"","meta":{"footnotes":""},"class_list":["post-199","page","type-page","status-publish","hentry"],"_links":{"self":[{"href":"http:\/\/lipkond.skaut.ee\/okaskannel\/wp-json\/wp\/v2\/pages\/199","targetHints":{"allow":["GET"]}}],"collection":[{"href":"http:\/\/lipkond.skaut.ee\/okaskannel\/wp-json\/wp\/v2\/pages"}],"about":[{"href":"http:\/\/lipkond.skaut.ee\/okaskannel\/wp-json\/wp\/v2\/types\/page"}],"author":[{"embeddable":true,"href":"http:\/\/lipkond.skaut.ee\/okaskannel\/wp-json\/wp\/v2\/users\/2"}],"replies":[{"embeddable":true,"href":"http:\/\/lipkond.skaut.ee\/okaskannel\/wp-json\/wp\/v2\/comments?post=199"}],"version-history":[{"count":32,"href":"http:\/\/lipkond.skaut.ee\/okaskannel\/wp-json\/wp\/v2\/pages\/199\/revisions"}],"predecessor-version":[{"id":752,"href":"http:\/\/lipkond.skaut.ee\/okaskannel\/wp-json\/wp\/v2\/pages\/199\/revisions\/752"}],"wp:attachment":[{"href":"http:\/\/lipkond.skaut.ee\/okaskannel\/wp-json\/wp\/v2\/media?parent=199"}],"curies":[{"name":"wp","href":"https:\/\/api.w.org\/{rel}","templated":true}]}}