{"id":11,"date":"2011-07-08T06:46:32","date_gmt":"2011-07-08T04:46:32","guid":{"rendered":"http:\/\/lipkond.skaut.ee\/okaskannel\/?page_id=11"},"modified":"2017-08-24T19:33:35","modified_gmt":"2017-08-24T16:33:35","slug":"meist","status":"publish","type":"page","link":"http:\/\/lipkond.skaut.ee\/okaskannel\/meist\/","title":{"rendered":"Meist"},"content":{"rendered":"<p>Skautlik liikumine on vabatahtlik apoliitiline hariduslik noorte liikumine, mis on\u00a0avatud k\u00f5igile, s\u00f5ltumata rahvusest, rassist, soost ja usust, olles koosk\u00f5las\u00a0skautluse rajaja poolt loodud sihtide ja eesm\u00e4rkidega.\u00a0<img decoding=\"async\" class=\"alignright\" title=\"ESUlogo\" src=\"http:\/\/lipkond.skaut.ee\/okaskannel\/uploads\/\/2011\/07\/ESUlogo-242x300.jpg\" alt=\"\" width=\"155\" height=\"192\" \/><\/p>\n<p>Vanusegrupid: 6-10 a. &#8211; hundud; 11-14 a. &#8211; skaudid; 15-17 a. &#8211; vanemskaudid; 18-26 &#8211; r\u00e4ndurid; 27-&#8230; &#8211; juhid<\/p>\n<p>Skautlikuks \u00f5ppemeetodiks on pidev enesekasvatuse s\u00fcsteem, kus:<br \/>\n\uf0b7 j\u00e4rgitakse t\u00f5otust ja seadusi;<br \/>\n\uf0b7 \u00f5pitakse tegutsedes;<br \/>\n\uf0b7 tegutsetakse t\u00e4iskasvanute suunamisel v\u00e4ikestes gruppides, arendatakse\u00a0kohusetunnet ja \u00f5petatakse skautlikku omavalitsust, mis arendab iseloomu,\u00a0oskusi, iseseisvust, koost\u00f6\u00f6- ja juhtimisv\u00f5imeid ning keskkonnas\u00e4\u00e4stlikku\u00a0m\u00f5tteviisi;<br \/>\n\uf0b7 kasutatakse programme, mis on arendavad ja huvipakkuvad, arvestades\u00a0liikmete huve, kasutades m\u00e4nguelemente, praktilisi oskusi ja \u00fchiskonna\u00a0teenimist. Tegevus toimub suuremas osas looduses.<\/p>\n<p>Eesti skaudi\u00fcksusi koondab organisatsioon Eesti Skautide \u00dching.<\/p>\n<p>Lipkond Okaskannel on \u00fcks vanimaid Eestis tegutsevaid skaudi\u00fcksusi.\u00a0<a href=\"http:\/\/lipkond.skaut.ee\/okaskannel\/uploads\/\/2011\/07\/OK_m\u00e4rk-kandiline.png\"><img fetchpriority=\"high\" decoding=\"async\" class=\"alignleft size-medium wp-image-592\" title=\"OK_m\u00e4rk kandiline\" src=\"http:\/\/lipkond.skaut.ee\/okaskannel\/uploads\/\/2011\/07\/OK_m\u00e4rk-kandiline-300x197.png\" alt=\"\" width=\"300\" height=\"197\" srcset=\"http:\/\/lipkond.skaut.ee\/okaskannel\/uploads\/2011\/07\/OK_m\u00e4rk-kandiline-300x197.png 300w, http:\/\/lipkond.skaut.ee\/okaskannel\/uploads\/2011\/07\/OK_m\u00e4rk-kandiline-600x396.png 600w, http:\/\/lipkond.skaut.ee\/okaskannel\/uploads\/2011\/07\/OK_m\u00e4rk-kandiline-1024x675.png 1024w, http:\/\/lipkond.skaut.ee\/okaskannel\/uploads\/2011\/07\/OK_m\u00e4rk-kandiline.png 1267w\" sizes=\"(max-width: 300px) 100vw, 300px\" \/><\/a><br \/>\nHetkel on lipkonnas 46 liiget.<\/p>\n<p>Okaskannel on tegev V\u00e4\u00e4nas, Tallinnas, ja Tabasalus:<br \/>\n&#8211; V\u00e4\u00e4na skaudisalk Tiigrikutsud<br \/>\n&#8211; Tallinna skaudisalk Muumid<br \/>\n&#8211; Tabasalu hundur\u00fchm Kuldsed Kotkad<br \/>\n&#8211; Lisaks saavad lipkonna 14+ a. liikmed kokku kord kuus OK klubis kus arutatakse jagatakse infot ja kogemusi ning tehakse midagi l\u00f5busalt motiveerivat.<\/p>\n<p>S\u00fcgisel tegime lipkonna liikmetega ka toreda video:<br \/>\n<iframe src=\"https:\/\/www.youtube.com\/embed\/SbbQbd9bXBc\" width=\"560\" height=\"315\" frameborder=\"0\"><\/iframe><\/p>\n<p>&nbsp;<\/p>\n<p>Loe ka:\u00a0<a href=\"http:\/\/www.oko.skaut.ee\/plugin\/print.php?id=51\">Skautluse m\u00fc\u00fcdid<\/a><\/p>\n<p>&nbsp;<\/p>\n<p><img decoding=\"async\" class=\"aligncenter size-full wp-image-77\" title=\"oranzid liblikad\" src=\"http:\/\/lipkond.skaut.ee\/okaskannel\/uploads\/\/2011\/07\/oranzid-liblikad.png\" alt=\"\" width=\"586\" height=\"27\" srcset=\"http:\/\/lipkond.skaut.ee\/okaskannel\/uploads\/2011\/07\/oranzid-liblikad.png 586w, http:\/\/lipkond.skaut.ee\/okaskannel\/uploads\/2011\/07\/oranzid-liblikad-300x13.png 300w\" sizes=\"(max-width: 586px) 100vw, 586px\" \/><\/p>\n<p>Kindlasti on paljudel tekkinud k\u00fcsimus, mida t\u00e4hendab meie lipkonna nimi v\u00f5i kust see on \u00fcldse tulnud.<\/p>\n<p>Okaskandlel on karm s\u00fcnnilugu.<\/p>\n<p><a href=\"http:\/\/lipkond.skaut.ee\/okaskannel\/uploads\/\/2011\/07\/Heldur-P\u00f5dersoo-Okaskannel1.jpg\"><img loading=\"lazy\" decoding=\"async\" width=\"149\" height=\"300\" class=\"alignleft size-medium wp-image-20\" style=\"width: 149px; height: 300px; float: right;\" title=\"Heldur P\u00f5dersoo Okaskannel\" src=\"http:\/\/lipkond.skaut.ee\/okaskannel\/uploads\/\/2011\/07\/Heldur-P\u00f5dersoo-Okaskannel1-149x300.jpg\" alt=\"\" srcset=\"http:\/\/lipkond.skaut.ee\/okaskannel\/uploads\/2011\/07\/Heldur-P\u00f5dersoo-Okaskannel1-149x300.jpg 149w, http:\/\/lipkond.skaut.ee\/okaskannel\/uploads\/2011\/07\/Heldur-P\u00f5dersoo-Okaskannel1.jpg 280w\" sizes=\"(max-width: 149px) 100vw, 149px\" \/><\/a>Lipkond oma algses koosseisus asutati Belgias, okastraatidega \u00fcmbritsetud Zedelgeimi s\u00f5javangide laagris. See on arvatavasti maailma esimene skaudi\u00fcksus, mis s\u00fcndis ja tegutses okastraatide vahel. Lipkond koosnes 130-st liikmest ning sealt tulnute seast v\u00f5rsusid paljud aktiivsed skaudijuhid, kes tegutsesid v\u00e4ljaspool kodumaad, sest seal valitses samal ajal okupatsioon.<\/p>\n<p>Kuidas \u201eOkaskannel\u201d nimi Eestisse j\u00f5udis?<\/p>\n<p>Nagu paljudele teada, tegid endised skaudijuhid okupatsiooniaastatel ikka noortega skautlikku t\u00f6\u00f6d edasi, kuid varjatult. Nii n\u00e4iteks tegutsesid Keilas Noored Liiklusinspektorid, kellest ajapikku kujunesid v\u00e4lja liikluseetserid (eetser = eessammuja, eesmineja) ning seej\u00e4rel eetserskautide lipkond, mille nimeks valitigi siis kunagise legendaarse lipkonna j\u00e4rgi \u201eOkaskannel\u201d. Okaskannel kuulus Eesti Eetserskautide \u00dchendusse. Koondused toimusid Keilas ning mitmeid aastaid olid selle eestvedajateks esimese Eesti Vabariigi ajal skauditeed alustanud Votele Luha ja Uno Kaunis. Markus A. K\u00f5iv on \u00f6elnud &#8220;Imetlesin alati m\u00f5lemate vanah\u00e4rrade s\u00fcdikust ning entusiasmi. Vaatamata sellele, et Luha (just nii me teda kutsusime) oli \u00fche jalaga, ei takistanud see temal \u00fchtegi laagrit organiseerimast.&#8221;<\/p>\n<p><img loading=\"lazy\" decoding=\"async\" width=\"180\" height=\"170\" class=\"alignleft size-full wp-image-21\" style=\"width: 180px; height: 170px; float: left;\" title=\"algneokmark\" src=\"http:\/\/lipkond.skaut.ee\/okaskannel\/uploads\/\/2011\/07\/algneokmark1.jpg\" alt=\"\" \/><\/p>\n<p>Lipkond Okaskannel l\u00f5i \u00fchingu L\u00e4ti ja Leedu skautidega. \u00dchingu m\u00e4rgiks oli liilia kolme riigi nimedega.<\/p>\n<p>Algse Okaskandle saamislugu on raamatus \u201eIgavesti Noored\u201d, mis on ka Rahvusraamatukogus saadaval.<\/p>\n<p>Kasutatud Heldur P\u00f5dersoo kirja, m\u00e4rki ja<br \/>\njoonistusi (eskiise) aastast 1998, mis oli<br \/>\nsaadetud Eestis tegutsevale lipkonnale Okaskannel.<\/p>\n<p>&nbsp;<\/p>\n<p>Tekst: Markus A. K\u00f5iv (ajakiri &#8220;Eesti Skaut&#8221; aprill 2007)<\/p>\n<p>&nbsp;<\/p>\n<p>&nbsp;<\/p>\n<p style=\"text-align: center;\"><img loading=\"lazy\" decoding=\"async\" class=\"aligncenter size-full wp-image-87\" title=\"punased liblikad\" src=\"http:\/\/lipkond.skaut.ee\/okaskannel\/uploads\/\/2011\/07\/punased-liblikad.png\" alt=\"\" width=\"601\" height=\"25\" srcset=\"http:\/\/lipkond.skaut.ee\/okaskannel\/uploads\/2011\/07\/punased-liblikad.png 601w, http:\/\/lipkond.skaut.ee\/okaskannel\/uploads\/2011\/07\/punased-liblikad-300x12.png 300w\" sizes=\"(max-width: 601px) 100vw, 601px\" \/><br \/>\nV\u00e4ljav\u00f5te Eesti skaudiajakirjast &#8220;Tulehoidja&#8221; number 1-93<br \/>\n<img loading=\"lazy\" decoding=\"async\" class=\"aligncenter size-full wp-image-26\" title=\"THOKjutt\" src=\"http:\/\/lipkond.skaut.ee\/okaskannel\/uploads\/\/2011\/07\/THOKjutt1.jpg\" alt=\"\" width=\"601\" height=\"837\" srcset=\"http:\/\/lipkond.skaut.ee\/okaskannel\/uploads\/2011\/07\/THOKjutt1.jpg 601w, http:\/\/lipkond.skaut.ee\/okaskannel\/uploads\/2011\/07\/THOKjutt1-215x300.jpg 215w\" sizes=\"(max-width: 601px) 100vw, 601px\" \/><\/p>\n<p style=\"text-align: center;\"><img loading=\"lazy\" decoding=\"async\" class=\"aligncenter size-full wp-image-27\" title=\"THOKjutt2\" src=\"http:\/\/lipkond.skaut.ee\/okaskannel\/uploads\/\/2011\/07\/THOKjutt21.jpg\" alt=\"\" width=\"587\" height=\"849\" srcset=\"http:\/\/lipkond.skaut.ee\/okaskannel\/uploads\/2011\/07\/THOKjutt21.jpg 587w, http:\/\/lipkond.skaut.ee\/okaskannel\/uploads\/2011\/07\/THOKjutt21-207x300.jpg 207w\" sizes=\"(max-width: 587px) 100vw, 587px\" \/><\/p>\n<p>Ajakirja esikaas \u00a0 \u00a0 \u00a0 \u00a0 \u00a0 \u00a0 \u00a0 \u00a0 \u00a0 \u00a0 \u00a0 \u00a0 \u00a0 \u00a0 \u00a0 \u00a0 \u00a0 \u00a0 \u00a0 \u00a0 \u00a0 \u00a0 \u00a0 \u00a0 \u00a0\u00a0Ajakirja tagakaas<\/p>\n<p><img loading=\"lazy\" decoding=\"async\" class=\"alignleft size-full wp-image-15\" title=\"TH1-93kaas\" src=\"http:\/\/lipkond.skaut.ee\/okaskannel\/uploads\/\/2011\/07\/TH1-93kaas.jpg\" alt=\"\" width=\"184\" height=\"264\" \/>\u00a0 \u00a0 \u00a0<img loading=\"lazy\" decoding=\"async\" class=\"alignleft size-full wp-image-19\" title=\"TH1-93tagakaas\" src=\"http:\/\/lipkond.skaut.ee\/okaskannel\/uploads\/\/2011\/07\/TH1-93tagakaas.jpg\" alt=\"\" width=\"187\" height=\"268\" \/><\/p>\n<div><\/div>\n<div><\/div>\n","protected":false},"excerpt":{"rendered":"<p>Skautlik liikumine on vabatahtlik apoliitiline hariduslik noorte liikumine, mis on\u00a0avatud k\u00f5igile, s\u00f5ltumata rahvusest, rassist, soost ja usust, olles koosk\u00f5las\u00a0skautluse rajaja [&hellip;]<\/p>\n","protected":false},"author":2,"featured_media":0,"parent":0,"menu_order":5,"comment_status":"closed","ping_status":"open","template":"","meta":{"footnotes":""},"class_list":["post-11","page","type-page","status-publish","hentry"],"_links":{"self":[{"href":"http:\/\/lipkond.skaut.ee\/okaskannel\/wp-json\/wp\/v2\/pages\/11","targetHints":{"allow":["GET"]}}],"collection":[{"href":"http:\/\/lipkond.skaut.ee\/okaskannel\/wp-json\/wp\/v2\/pages"}],"about":[{"href":"http:\/\/lipkond.skaut.ee\/okaskannel\/wp-json\/wp\/v2\/types\/page"}],"author":[{"embeddable":true,"href":"http:\/\/lipkond.skaut.ee\/okaskannel\/wp-json\/wp\/v2\/users\/2"}],"replies":[{"embeddable":true,"href":"http:\/\/lipkond.skaut.ee\/okaskannel\/wp-json\/wp\/v2\/comments?post=11"}],"version-history":[{"count":26,"href":"http:\/\/lipkond.skaut.ee\/okaskannel\/wp-json\/wp\/v2\/pages\/11\/revisions"}],"predecessor-version":[{"id":756,"href":"http:\/\/lipkond.skaut.ee\/okaskannel\/wp-json\/wp\/v2\/pages\/11\/revisions\/756"}],"wp:attachment":[{"href":"http:\/\/lipkond.skaut.ee\/okaskannel\/wp-json\/wp\/v2\/media?parent=11"}],"curies":[{"name":"wp","href":"https:\/\/api.w.org\/{rel}","templated":true}]}}